{"id":521,"date":"2022-04-06T16:58:53","date_gmt":"2022-04-06T14:58:53","guid":{"rendered":"http:\/\/demo7.demo-symediane.com\/bon-cadeau\/"},"modified":"2025-04-01T11:50:31","modified_gmt":"2025-04-01T09:50:31","slug":"restaurant-gift-cards-and-vouchers","status":"publish","type":"page","link":"https:\/\/www.benoit-paris.com\/en\/restaurant-gift-cards-and-vouchers\/","title":{"rendered":"Offer an Benoit lunch or dinner"},"content":{"rendered":"<p>Offering a lunch or a dinner at Benoit\u2019s means being sure to give your guests an unforgettable moment of happiness. As soon as your payment is validated, the voucher can be sent directly via email to your guests or printed by you. Vouchers are valid for one year.<\/p>\n","protected":false},"excerpt":{"rendered":"<p>Offering a lunch or a dinner at Benoit\u2019s means being sure to give your guests an unforgettable moment of happiness. As soon as your payment is validated, the voucher can be sent directly via email to your guests or printed by you. Vouchers are valid for one year.<\/p>\n","protected":false},"author":1,"featured_media":1511,"parent":0,"menu_order":0,"comment_status":"closed","ping_status":"closed","template":"page-templates\/bon-cadeau.php","meta":{"_acf_changed":false,"footnotes":""},"class_list":["post-521","page","type-page","status-publish","has-post-thumbnail","hentry"],"acf":[],"yoast_head":"<!-- This site is optimized with the Yoast SEO plugin v26.9 - https:\/\/yoast.com\/product\/yoast-seo-wordpress\/ -->\n<title>Gift cards and vouchers Restaurant Benoit Paris - Paris 4\u00e8me<\/title>\n<meta name=\"description\" content=\"Discover all the gift vouchers of Benoit Paris and offer lunch or dinner in a true parisian bistro.\" \/>\n<meta name=\"robots\" content=\"index, follow, max-snippet:-1, max-image-preview:large, max-video-preview:-1\" \/>\n<link rel=\"canonical\" href=\"https:\/\/www.benoit-paris.com\/en\/restaurant-gift-cards-and-vouchers\/\" \/>\n<meta property=\"og:locale\" content=\"en_US\" \/>\n<meta property=\"og:type\" content=\"article\" \/>\n<meta property=\"og:title\" content=\"Gift cards and vouchers Restaurant Benoit Paris - Paris 4\u00e8me\" \/>\n<meta property=\"og:description\" content=\"Discover all the gift vouchers of Benoit Paris and offer lunch or dinner in a true parisian bistro.\" \/>\n<meta property=\"og:url\" content=\"https:\/\/www.benoit-paris.com\/en\/restaurant-gift-cards-and-vouchers\/\" \/>\n<meta property=\"og:site_name\" content=\"Benoit restaurant\" \/>\n<meta property=\"article:modified_time\" content=\"2025-04-01T09:50:31+00:00\" \/>\n<meta property=\"og:image\" content=\"https:\/\/www.benoit-paris.com\/wp-content\/uploads\/2022\/07\/Ambiance-couple-BENOIT_19-12-2019\u00a9pmonetta-5752-1-1.jpg\" \/>\n\t<meta property=\"og:image:width\" content=\"2560\" \/>\n\t<meta property=\"og:image:height\" content=\"644\" \/>\n\t<meta property=\"og:image:type\" content=\"image\/jpeg\" \/>\n<meta name=\"twitter:card\" content=\"summary_large_image\" \/>\n<meta name=\"twitter:label1\" content=\"Est. reading time\" \/>\n\t<meta name=\"twitter:data1\" content=\"2 minutes\" \/>\n<script type=\"application\/ld+json\" class=\"yoast-schema-graph\">{\"@context\":\"https:\/\/schema.org\",\"@graph\":[{\"@type\":\"WebPage\",\"@id\":\"https:\/\/www.benoit-paris.com\/en\/restaurant-gift-cards-and-vouchers\/\",\"url\":\"https:\/\/www.benoit-paris.com\/en\/restaurant-gift-cards-and-vouchers\/\",\"name\":\"Gift cards and vouchers Restaurant Benoit Paris - Paris 4\u00e8me\",\"isPartOf\":{\"@id\":\"https:\/\/www.benoit-paris.com\/en\/#website\"},\"primaryImageOfPage\":{\"@id\":\"https:\/\/www.benoit-paris.com\/en\/restaurant-gift-cards-and-vouchers\/#primaryimage\"},\"image\":{\"@id\":\"https:\/\/www.benoit-paris.com\/en\/restaurant-gift-cards-and-vouchers\/#primaryimage\"},\"thumbnailUrl\":\"https:\/\/www.benoit-paris.com\/wp-content\/uploads\/2022\/07\/Ambiance-couple-BENOIT_19-12-2019\u00a9pmonetta-5752-1-1.jpg\",\"datePublished\":\"2022-04-06T14:58:53+00:00\",\"dateModified\":\"2025-04-01T09:50:31+00:00\",\"description\":\"Discover all the gift vouchers of Benoit Paris and offer lunch or dinner in a true parisian bistro.\",\"breadcrumb\":{\"@id\":\"https:\/\/www.benoit-paris.com\/en\/restaurant-gift-cards-and-vouchers\/#breadcrumb\"},\"inLanguage\":\"en-US\",\"potentialAction\":[{\"@type\":\"ReadAction\",\"target\":[\"https:\/\/www.benoit-paris.com\/en\/restaurant-gift-cards-and-vouchers\/\"]}]},{\"@type\":\"ImageObject\",\"inLanguage\":\"en-US\",\"@id\":\"https:\/\/www.benoit-paris.com\/en\/restaurant-gift-cards-and-vouchers\/#primaryimage\",\"url\":\"https:\/\/www.benoit-paris.com\/wp-content\/uploads\/2022\/07\/Ambiance-couple-BENOIT_19-12-2019\u00a9pmonetta-5752-1-1.jpg\",\"contentUrl\":\"https:\/\/www.benoit-paris.com\/wp-content\/uploads\/2022\/07\/Ambiance-couple-BENOIT_19-12-2019\u00a9pmonetta-5752-1-1.jpg\",\"width\":2560,\"height\":644,\"caption\":\"Profiteroles sauce Chocolat Benoit Paris\"},{\"@type\":\"BreadcrumbList\",\"@id\":\"https:\/\/www.benoit-paris.com\/en\/restaurant-gift-cards-and-vouchers\/#breadcrumb\",\"itemListElement\":[{\"@type\":\"ListItem\",\"position\":1,\"name\":\"Home\",\"item\":\"https:\/\/www.benoit-paris.com\/en\/\"},{\"@type\":\"ListItem\",\"position\":2,\"name\":\"Offer an Benoit lunch or dinner\"}]},{\"@type\":\"WebSite\",\"@id\":\"https:\/\/www.benoit-paris.com\/en\/#website\",\"url\":\"https:\/\/www.benoit-paris.com\/en\/\",\"name\":\"Benoit restaurant\",\"description\":\"Restaurant Fran\u00e7ais Gastronomique \u00e9toil\u00e9 au Michelin\",\"publisher\":{\"@id\":\"https:\/\/www.benoit-paris.com\/en\/#organization\"},\"potentialAction\":[{\"@type\":\"SearchAction\",\"target\":{\"@type\":\"EntryPoint\",\"urlTemplate\":\"https:\/\/www.benoit-paris.com\/en\/?s={search_term_string}\"},\"query-input\":{\"@type\":\"PropertyValueSpecification\",\"valueRequired\":true,\"valueName\":\"search_term_string\"}}],\"inLanguage\":\"en-US\"},{\"@type\":\"Organization\",\"@id\":\"https:\/\/www.benoit-paris.com\/en\/#organization\",\"name\":\"Allard\",\"url\":\"https:\/\/www.benoit-paris.com\/en\/\",\"logo\":{\"@type\":\"ImageObject\",\"inLanguage\":\"en-US\",\"@id\":\"https:\/\/www.benoit-paris.com\/en\/#\/schema\/logo\/image\/\",\"url\":\"https:\/\/golive.benoit-paris.com\/wp-content\/uploads\/2022\/04\/ALLARD_08-09-2021@pmonetta-1028-1-1-1.png\",\"contentUrl\":\"https:\/\/golive.benoit-paris.com\/wp-content\/uploads\/2022\/04\/ALLARD_08-09-2021@pmonetta-1028-1-1-1.png\",\"width\":1026,\"height\":840,\"caption\":\"Allard\"},\"image\":{\"@id\":\"https:\/\/www.benoit-paris.com\/en\/#\/schema\/logo\/image\/\"}}]}<\/script>\n<!-- \/ Yoast SEO plugin. -->","yoast_head_json":{"title":"Gift cards and vouchers Restaurant Benoit Paris - Paris 4\u00e8me","description":"Discover all the gift vouchers of Benoit Paris and offer lunch or dinner in a true parisian bistro.","robots":{"index":"index","follow":"follow","max-snippet":"max-snippet:-1","max-image-preview":"max-image-preview:large","max-video-preview":"max-video-preview:-1"},"canonical":"https:\/\/www.benoit-paris.com\/en\/restaurant-gift-cards-and-vouchers\/","og_locale":"en_US","og_type":"article","og_title":"Gift cards and vouchers Restaurant Benoit Paris - Paris 4\u00e8me","og_description":"Discover all the gift vouchers of Benoit Paris and offer lunch or dinner in a true parisian bistro.","og_url":"https:\/\/www.benoit-paris.com\/en\/restaurant-gift-cards-and-vouchers\/","og_site_name":"Benoit restaurant","article_modified_time":"2025-04-01T09:50:31+00:00","og_image":[{"width":2560,"height":644,"url":"https:\/\/www.benoit-paris.com\/wp-content\/uploads\/2022\/07\/Ambiance-couple-BENOIT_19-12-2019\u00a9pmonetta-5752-1-1.jpg","type":"image\/jpeg"}],"twitter_card":"summary_large_image","twitter_misc":{"Est. reading time":"2 minutes"},"schema":{"@context":"https:\/\/schema.org","@graph":[{"@type":"WebPage","@id":"https:\/\/www.benoit-paris.com\/en\/restaurant-gift-cards-and-vouchers\/","url":"https:\/\/www.benoit-paris.com\/en\/restaurant-gift-cards-and-vouchers\/","name":"Gift cards and vouchers Restaurant Benoit Paris - Paris 4\u00e8me","isPartOf":{"@id":"https:\/\/www.benoit-paris.com\/en\/#website"},"primaryImageOfPage":{"@id":"https:\/\/www.benoit-paris.com\/en\/restaurant-gift-cards-and-vouchers\/#primaryimage"},"image":{"@id":"https:\/\/www.benoit-paris.com\/en\/restaurant-gift-cards-and-vouchers\/#primaryimage"},"thumbnailUrl":"https:\/\/www.benoit-paris.com\/wp-content\/uploads\/2022\/07\/Ambiance-couple-BENOIT_19-12-2019\u00a9pmonetta-5752-1-1.jpg","datePublished":"2022-04-06T14:58:53+00:00","dateModified":"2025-04-01T09:50:31+00:00","description":"Discover all the gift vouchers of Benoit Paris and offer lunch or dinner in a true parisian bistro.","breadcrumb":{"@id":"https:\/\/www.benoit-paris.com\/en\/restaurant-gift-cards-and-vouchers\/#breadcrumb"},"inLanguage":"en-US","potentialAction":[{"@type":"ReadAction","target":["https:\/\/www.benoit-paris.com\/en\/restaurant-gift-cards-and-vouchers\/"]}]},{"@type":"ImageObject","inLanguage":"en-US","@id":"https:\/\/www.benoit-paris.com\/en\/restaurant-gift-cards-and-vouchers\/#primaryimage","url":"https:\/\/www.benoit-paris.com\/wp-content\/uploads\/2022\/07\/Ambiance-couple-BENOIT_19-12-2019\u00a9pmonetta-5752-1-1.jpg","contentUrl":"https:\/\/www.benoit-paris.com\/wp-content\/uploads\/2022\/07\/Ambiance-couple-BENOIT_19-12-2019\u00a9pmonetta-5752-1-1.jpg","width":2560,"height":644,"caption":"Profiteroles sauce Chocolat Benoit Paris"},{"@type":"BreadcrumbList","@id":"https:\/\/www.benoit-paris.com\/en\/restaurant-gift-cards-and-vouchers\/#breadcrumb","itemListElement":[{"@type":"ListItem","position":1,"name":"Home","item":"https:\/\/www.benoit-paris.com\/en\/"},{"@type":"ListItem","position":2,"name":"Offer an Benoit lunch or dinner"}]},{"@type":"WebSite","@id":"https:\/\/www.benoit-paris.com\/en\/#website","url":"https:\/\/www.benoit-paris.com\/en\/","name":"Benoit restaurant","description":"Restaurant Fran\u00e7ais Gastronomique \u00e9toil\u00e9 au Michelin","publisher":{"@id":"https:\/\/www.benoit-paris.com\/en\/#organization"},"potentialAction":[{"@type":"SearchAction","target":{"@type":"EntryPoint","urlTemplate":"https:\/\/www.benoit-paris.com\/en\/?s={search_term_string}"},"query-input":{"@type":"PropertyValueSpecification","valueRequired":true,"valueName":"search_term_string"}}],"inLanguage":"en-US"},{"@type":"Organization","@id":"https:\/\/www.benoit-paris.com\/en\/#organization","name":"Allard","url":"https:\/\/www.benoit-paris.com\/en\/","logo":{"@type":"ImageObject","inLanguage":"en-US","@id":"https:\/\/www.benoit-paris.com\/en\/#\/schema\/logo\/image\/","url":"https:\/\/golive.benoit-paris.com\/wp-content\/uploads\/2022\/04\/ALLARD_08-09-2021@pmonetta-1028-1-1-1.png","contentUrl":"https:\/\/golive.benoit-paris.com\/wp-content\/uploads\/2022\/04\/ALLARD_08-09-2021@pmonetta-1028-1-1-1.png","width":1026,"height":840,"caption":"Allard"},"image":{"@id":"https:\/\/www.benoit-paris.com\/en\/#\/schema\/logo\/image\/"}}]}},"_links":{"self":[{"href":"https:\/\/www.benoit-paris.com\/en\/wp-json\/wp\/v2\/pages\/521","targetHints":{"allow":["GET"]}}],"collection":[{"href":"https:\/\/www.benoit-paris.com\/en\/wp-json\/wp\/v2\/pages"}],"about":[{"href":"https:\/\/www.benoit-paris.com\/en\/wp-json\/wp\/v2\/types\/page"}],"author":[{"embeddable":true,"href":"https:\/\/www.benoit-paris.com\/en\/wp-json\/wp\/v2\/users\/1"}],"replies":[{"embeddable":true,"href":"https:\/\/www.benoit-paris.com\/en\/wp-json\/wp\/v2\/comments?post=521"}],"version-history":[{"count":23,"href":"https:\/\/www.benoit-paris.com\/en\/wp-json\/wp\/v2\/pages\/521\/revisions"}],"predecessor-version":[{"id":10583,"href":"https:\/\/www.benoit-paris.com\/en\/wp-json\/wp\/v2\/pages\/521\/revisions\/10583"}],"wp:featuredmedia":[{"embeddable":true,"href":"https:\/\/www.benoit-paris.com\/en\/wp-json\/wp\/v2\/media\/1511"}],"wp:attachment":[{"href":"https:\/\/www.benoit-paris.com\/en\/wp-json\/wp\/v2\/media?parent=521"}],"curies":[{"name":"wp","href":"https:\/\/api.w.org\/{rel}","templated":true}]}}