{"id":523,"date":"2022-04-06T15:17:47","date_gmt":"2022-04-06T13:17:47","guid":{"rendered":"http:\/\/demo7.demo-symediane.com\/la-carte\/"},"modified":"2026-04-07T17:04:24","modified_gmt":"2026-04-07T15:04:24","slug":"menu","status":"publish","type":"page","link":"https:\/\/www.benoit-paris.com\/en\/menu\/","title":{"rendered":"Menu"},"content":{"rendered":"","protected":false},"excerpt":{"rendered":"","protected":false},"author":1,"featured_media":2317,"parent":0,"menu_order":0,"comment_status":"closed","ping_status":"closed","template":"page-templates\/carte.php","meta":{"_acf_changed":false,"footnotes":""},"class_list":["post-523","page","type-page","status-publish","has-post-thumbnail","hentry"],"acf":[],"yoast_head":"<!-- This site is optimized with the Yoast SEO plugin v26.9 - https:\/\/yoast.com\/product\/yoast-seo-wordpress\/ -->\n<title>Carte and Menu - Restaurant Benoit Paris 4<\/title>\n<meta name=\"description\" content=\"Discover the carte and the menus of the restaurant Benoit Paris, traditionnal parisian bistrot by Alain Ducasse in Paris 4.\" \/>\n<meta name=\"robots\" content=\"index, follow, max-snippet:-1, max-image-preview:large, max-video-preview:-1\" \/>\n<link rel=\"canonical\" href=\"https:\/\/www.benoit-paris.com\/en\/menu\/\" \/>\n<meta property=\"og:locale\" content=\"en_US\" \/>\n<meta property=\"og:type\" content=\"article\" \/>\n<meta property=\"og:title\" content=\"Carte and Menu - Restaurant Benoit Paris 4\" \/>\n<meta property=\"og:description\" content=\"Discover the carte and the menus of the restaurant Benoit Paris, traditionnal parisian bistrot by Alain Ducasse in Paris 4.\" \/>\n<meta property=\"og:url\" content=\"https:\/\/www.benoit-paris.com\/en\/menu\/\" \/>\n<meta property=\"og:site_name\" content=\"Benoit restaurant\" \/>\n<meta property=\"article:modified_time\" content=\"2026-04-07T15:04:24+00:00\" \/>\n<meta property=\"og:image\" content=\"https:\/\/www.benoit-paris.com\/wp-content\/uploads\/2023\/09\/BC_Homard-bleu-rafraichi-haricots-verts-et-bisque_02.jpg\" \/>\n\t<meta property=\"og:image:width\" content=\"2560\" \/>\n\t<meta property=\"og:image:height\" content=\"644\" \/>\n\t<meta property=\"og:image:type\" content=\"image\/jpeg\" \/>\n<meta name=\"twitter:card\" content=\"summary_large_image\" \/>\n<meta name=\"twitter:label1\" content=\"Est. reading time\" \/>\n\t<meta name=\"twitter:data1\" content=\"3 minutes\" \/>\n<script type=\"application\/ld+json\" class=\"yoast-schema-graph\">{\"@context\":\"https:\/\/schema.org\",\"@graph\":[{\"@type\":\"WebPage\",\"@id\":\"https:\/\/www.benoit-paris.com\/en\/menu\/\",\"url\":\"https:\/\/www.benoit-paris.com\/en\/menu\/\",\"name\":\"Carte and Menu - Restaurant Benoit Paris 4\",\"isPartOf\":{\"@id\":\"https:\/\/www.benoit-paris.com\/en\/#website\"},\"primaryImageOfPage\":{\"@id\":\"https:\/\/www.benoit-paris.com\/en\/menu\/#primaryimage\"},\"image\":{\"@id\":\"https:\/\/www.benoit-paris.com\/en\/menu\/#primaryimage\"},\"thumbnailUrl\":\"https:\/\/www.benoit-paris.com\/wp-content\/uploads\/2023\/09\/BC_Homard-bleu-rafraichi-haricots-verts-et-bisque_02.jpg\",\"datePublished\":\"2022-04-06T13:17:47+00:00\",\"dateModified\":\"2026-04-07T15:04:24+00:00\",\"description\":\"Discover the carte and the menus of the restaurant Benoit Paris, traditionnal parisian bistrot by Alain Ducasse in Paris 4.\",\"breadcrumb\":{\"@id\":\"https:\/\/www.benoit-paris.com\/en\/menu\/#breadcrumb\"},\"inLanguage\":\"en-US\",\"potentialAction\":[{\"@type\":\"ReadAction\",\"target\":[\"https:\/\/www.benoit-paris.com\/en\/menu\/\"]}]},{\"@type\":\"ImageObject\",\"inLanguage\":\"en-US\",\"@id\":\"https:\/\/www.benoit-paris.com\/en\/menu\/#primaryimage\",\"url\":\"https:\/\/www.benoit-paris.com\/wp-content\/uploads\/2023\/09\/BC_Homard-bleu-rafraichi-haricots-verts-et-bisque_02.jpg\",\"contentUrl\":\"https:\/\/www.benoit-paris.com\/wp-content\/uploads\/2023\/09\/BC_Homard-bleu-rafraichi-haricots-verts-et-bisque_02.jpg\",\"width\":2560,\"height\":644,\"caption\":\"Homard bleu - Benoit Paris\"},{\"@type\":\"BreadcrumbList\",\"@id\":\"https:\/\/www.benoit-paris.com\/en\/menu\/#breadcrumb\",\"itemListElement\":[{\"@type\":\"ListItem\",\"position\":1,\"name\":\"Home\",\"item\":\"https:\/\/www.benoit-paris.com\/en\/\"},{\"@type\":\"ListItem\",\"position\":2,\"name\":\"Menu\"}]},{\"@type\":\"WebSite\",\"@id\":\"https:\/\/www.benoit-paris.com\/en\/#website\",\"url\":\"https:\/\/www.benoit-paris.com\/en\/\",\"name\":\"Benoit restaurant\",\"description\":\"Restaurant Fran\u00e7ais Gastronomique \u00e9toil\u00e9 au Michelin\",\"publisher\":{\"@id\":\"https:\/\/www.benoit-paris.com\/en\/#organization\"},\"potentialAction\":[{\"@type\":\"SearchAction\",\"target\":{\"@type\":\"EntryPoint\",\"urlTemplate\":\"https:\/\/www.benoit-paris.com\/en\/?s={search_term_string}\"},\"query-input\":{\"@type\":\"PropertyValueSpecification\",\"valueRequired\":true,\"valueName\":\"search_term_string\"}}],\"inLanguage\":\"en-US\"},{\"@type\":\"Organization\",\"@id\":\"https:\/\/www.benoit-paris.com\/en\/#organization\",\"name\":\"Allard\",\"url\":\"https:\/\/www.benoit-paris.com\/en\/\",\"logo\":{\"@type\":\"ImageObject\",\"inLanguage\":\"en-US\",\"@id\":\"https:\/\/www.benoit-paris.com\/en\/#\/schema\/logo\/image\/\",\"url\":\"https:\/\/golive.benoit-paris.com\/wp-content\/uploads\/2022\/04\/ALLARD_08-09-2021@pmonetta-1028-1-1-1.png\",\"contentUrl\":\"https:\/\/golive.benoit-paris.com\/wp-content\/uploads\/2022\/04\/ALLARD_08-09-2021@pmonetta-1028-1-1-1.png\",\"width\":1026,\"height\":840,\"caption\":\"Allard\"},\"image\":{\"@id\":\"https:\/\/www.benoit-paris.com\/en\/#\/schema\/logo\/image\/\"}}]}<\/script>\n<!-- \/ Yoast SEO plugin. -->","yoast_head_json":{"title":"Carte and Menu - Restaurant Benoit Paris 4","description":"Discover the carte and the menus of the restaurant Benoit Paris, traditionnal parisian bistrot by Alain Ducasse in Paris 4.","robots":{"index":"index","follow":"follow","max-snippet":"max-snippet:-1","max-image-preview":"max-image-preview:large","max-video-preview":"max-video-preview:-1"},"canonical":"https:\/\/www.benoit-paris.com\/en\/menu\/","og_locale":"en_US","og_type":"article","og_title":"Carte and Menu - Restaurant Benoit Paris 4","og_description":"Discover the carte and the menus of the restaurant Benoit Paris, traditionnal parisian bistrot by Alain Ducasse in Paris 4.","og_url":"https:\/\/www.benoit-paris.com\/en\/menu\/","og_site_name":"Benoit restaurant","article_modified_time":"2026-04-07T15:04:24+00:00","og_image":[{"width":2560,"height":644,"url":"https:\/\/www.benoit-paris.com\/wp-content\/uploads\/2023\/09\/BC_Homard-bleu-rafraichi-haricots-verts-et-bisque_02.jpg","type":"image\/jpeg"}],"twitter_card":"summary_large_image","twitter_misc":{"Est. reading time":"3 minutes"},"schema":{"@context":"https:\/\/schema.org","@graph":[{"@type":"WebPage","@id":"https:\/\/www.benoit-paris.com\/en\/menu\/","url":"https:\/\/www.benoit-paris.com\/en\/menu\/","name":"Carte and Menu - Restaurant Benoit Paris 4","isPartOf":{"@id":"https:\/\/www.benoit-paris.com\/en\/#website"},"primaryImageOfPage":{"@id":"https:\/\/www.benoit-paris.com\/en\/menu\/#primaryimage"},"image":{"@id":"https:\/\/www.benoit-paris.com\/en\/menu\/#primaryimage"},"thumbnailUrl":"https:\/\/www.benoit-paris.com\/wp-content\/uploads\/2023\/09\/BC_Homard-bleu-rafraichi-haricots-verts-et-bisque_02.jpg","datePublished":"2022-04-06T13:17:47+00:00","dateModified":"2026-04-07T15:04:24+00:00","description":"Discover the carte and the menus of the restaurant Benoit Paris, traditionnal parisian bistrot by Alain Ducasse in Paris 4.","breadcrumb":{"@id":"https:\/\/www.benoit-paris.com\/en\/menu\/#breadcrumb"},"inLanguage":"en-US","potentialAction":[{"@type":"ReadAction","target":["https:\/\/www.benoit-paris.com\/en\/menu\/"]}]},{"@type":"ImageObject","inLanguage":"en-US","@id":"https:\/\/www.benoit-paris.com\/en\/menu\/#primaryimage","url":"https:\/\/www.benoit-paris.com\/wp-content\/uploads\/2023\/09\/BC_Homard-bleu-rafraichi-haricots-verts-et-bisque_02.jpg","contentUrl":"https:\/\/www.benoit-paris.com\/wp-content\/uploads\/2023\/09\/BC_Homard-bleu-rafraichi-haricots-verts-et-bisque_02.jpg","width":2560,"height":644,"caption":"Homard bleu - Benoit Paris"},{"@type":"BreadcrumbList","@id":"https:\/\/www.benoit-paris.com\/en\/menu\/#breadcrumb","itemListElement":[{"@type":"ListItem","position":1,"name":"Home","item":"https:\/\/www.benoit-paris.com\/en\/"},{"@type":"ListItem","position":2,"name":"Menu"}]},{"@type":"WebSite","@id":"https:\/\/www.benoit-paris.com\/en\/#website","url":"https:\/\/www.benoit-paris.com\/en\/","name":"Benoit restaurant","description":"Restaurant Fran\u00e7ais Gastronomique \u00e9toil\u00e9 au Michelin","publisher":{"@id":"https:\/\/www.benoit-paris.com\/en\/#organization"},"potentialAction":[{"@type":"SearchAction","target":{"@type":"EntryPoint","urlTemplate":"https:\/\/www.benoit-paris.com\/en\/?s={search_term_string}"},"query-input":{"@type":"PropertyValueSpecification","valueRequired":true,"valueName":"search_term_string"}}],"inLanguage":"en-US"},{"@type":"Organization","@id":"https:\/\/www.benoit-paris.com\/en\/#organization","name":"Allard","url":"https:\/\/www.benoit-paris.com\/en\/","logo":{"@type":"ImageObject","inLanguage":"en-US","@id":"https:\/\/www.benoit-paris.com\/en\/#\/schema\/logo\/image\/","url":"https:\/\/golive.benoit-paris.com\/wp-content\/uploads\/2022\/04\/ALLARD_08-09-2021@pmonetta-1028-1-1-1.png","contentUrl":"https:\/\/golive.benoit-paris.com\/wp-content\/uploads\/2022\/04\/ALLARD_08-09-2021@pmonetta-1028-1-1-1.png","width":1026,"height":840,"caption":"Allard"},"image":{"@id":"https:\/\/www.benoit-paris.com\/en\/#\/schema\/logo\/image\/"}}]}},"_links":{"self":[{"href":"https:\/\/www.benoit-paris.com\/en\/wp-json\/wp\/v2\/pages\/523","targetHints":{"allow":["GET"]}}],"collection":[{"href":"https:\/\/www.benoit-paris.com\/en\/wp-json\/wp\/v2\/pages"}],"about":[{"href":"https:\/\/www.benoit-paris.com\/en\/wp-json\/wp\/v2\/types\/page"}],"author":[{"embeddable":true,"href":"https:\/\/www.benoit-paris.com\/en\/wp-json\/wp\/v2\/users\/1"}],"replies":[{"embeddable":true,"href":"https:\/\/www.benoit-paris.com\/en\/wp-json\/wp\/v2\/comments?post=523"}],"version-history":[{"count":190,"href":"https:\/\/www.benoit-paris.com\/en\/wp-json\/wp\/v2\/pages\/523\/revisions"}],"predecessor-version":[{"id":12185,"href":"https:\/\/www.benoit-paris.com\/en\/wp-json\/wp\/v2\/pages\/523\/revisions\/12185"}],"wp:featuredmedia":[{"embeddable":true,"href":"https:\/\/www.benoit-paris.com\/en\/wp-json\/wp\/v2\/media\/2317"}],"wp:attachment":[{"href":"https:\/\/www.benoit-paris.com\/en\/wp-json\/wp\/v2\/media?parent=523"}],"curies":[{"name":"wp","href":"https:\/\/api.w.org\/{rel}","templated":true}]}}