{"id":524,"date":"2022-04-13T17:58:06","date_gmt":"2022-04-13T15:58:06","guid":{"rendered":"http:\/\/demo7.demo-symediane.com\/nos-adresses\/"},"modified":"2022-07-28T18:23:21","modified_gmt":"2022-07-28T16:23:21","slug":"our-parisian-restaurants","status":"publish","type":"page","link":"https:\/\/www.benoit-paris.com\/en\/our-parisian-restaurants\/","title":{"rendered":"Maison Ducasse\u2019s other addresses"},"content":{"rendered":"<p>\u201cEach of my restaurants tells a unique story,\u201d says Alain Ducasse. Indeed, each of his establishments has its own, distinctive personality. From the Michelin-star restaurant to the fancy canteen, from the bistro to the Italian trattoria, so many different stories and so many unforgettable experiences.<\/p>\n","protected":false},"excerpt":{"rendered":"<p>\u201cEach of my restaurants tells a unique story,\u201d says Alain Ducasse. Indeed, each of his establishments has its own, distinctive personality. From the Michelin-star restaurant to the fancy canteen, from the bistro to the Italian trattoria, so many different stories and so many unforgettable experiences.<\/p>\n","protected":false},"author":1,"featured_media":1523,"parent":0,"menu_order":0,"comment_status":"closed","ping_status":"closed","template":"page-templates\/adresses.php","meta":{"_acf_changed":false,"footnotes":""},"class_list":["post-524","page","type-page","status-publish","has-post-thumbnail","hentry"],"acf":[],"yoast_head":"<!-- This site is optimized with the Yoast SEO plugin v26.9 - https:\/\/yoast.com\/product\/yoast-seo-wordpress\/ -->\n<title>Alain Ducasse restaurants in Paris - Restaurant Benoit Paris<\/title>\n<meta name=\"description\" content=\"Discover all the restaurants and bistros in Paris of the multi-starred Chef Alain Ducasse.\" \/>\n<meta name=\"robots\" content=\"index, follow, max-snippet:-1, max-image-preview:large, max-video-preview:-1\" \/>\n<link rel=\"canonical\" href=\"https:\/\/www.benoit-paris.com\/en\/our-parisian-restaurants\/\" \/>\n<meta property=\"og:locale\" content=\"en_US\" \/>\n<meta property=\"og:type\" content=\"article\" \/>\n<meta property=\"og:title\" content=\"Alain Ducasse restaurants in Paris - Restaurant Benoit Paris\" \/>\n<meta property=\"og:description\" content=\"Discover all the restaurants and bistros in Paris of the multi-starred Chef Alain Ducasse.\" \/>\n<meta property=\"og:url\" content=\"https:\/\/www.benoit-paris.com\/en\/our-parisian-restaurants\/\" \/>\n<meta property=\"og:site_name\" content=\"Benoit restaurant\" \/>\n<meta property=\"article:modified_time\" content=\"2022-07-28T16:23:21+00:00\" \/>\n<meta property=\"og:image\" content=\"https:\/\/www.benoit-paris.com\/wp-content\/uploads\/2022\/07\/adresses-ducasse-paris-1200x300-1.jpg\" \/>\n\t<meta property=\"og:image:width\" content=\"1200\" \/>\n\t<meta property=\"og:image:height\" content=\"300\" \/>\n\t<meta property=\"og:image:type\" content=\"image\/jpeg\" \/>\n<meta name=\"twitter:card\" content=\"summary_large_image\" \/>\n<meta name=\"twitter:label1\" content=\"Est. reading time\" \/>\n\t<meta name=\"twitter:data1\" content=\"1 minute\" \/>\n<script type=\"application\/ld+json\" class=\"yoast-schema-graph\">{\"@context\":\"https:\/\/schema.org\",\"@graph\":[{\"@type\":\"WebPage\",\"@id\":\"https:\/\/www.benoit-paris.com\/en\/our-parisian-restaurants\/\",\"url\":\"https:\/\/www.benoit-paris.com\/en\/our-parisian-restaurants\/\",\"name\":\"Alain Ducasse restaurants in Paris - Restaurant Benoit Paris\",\"isPartOf\":{\"@id\":\"https:\/\/www.benoit-paris.com\/en\/#website\"},\"primaryImageOfPage\":{\"@id\":\"https:\/\/www.benoit-paris.com\/en\/our-parisian-restaurants\/#primaryimage\"},\"image\":{\"@id\":\"https:\/\/www.benoit-paris.com\/en\/our-parisian-restaurants\/#primaryimage\"},\"thumbnailUrl\":\"https:\/\/www.benoit-paris.com\/wp-content\/uploads\/2022\/07\/adresses-ducasse-paris-1200x300-1.jpg\",\"datePublished\":\"2022-04-13T15:58:06+00:00\",\"dateModified\":\"2022-07-28T16:23:21+00:00\",\"description\":\"Discover all the restaurants and bistros in Paris of the multi-starred Chef Alain Ducasse.\",\"breadcrumb\":{\"@id\":\"https:\/\/www.benoit-paris.com\/en\/our-parisian-restaurants\/#breadcrumb\"},\"inLanguage\":\"en-US\",\"potentialAction\":[{\"@type\":\"ReadAction\",\"target\":[\"https:\/\/www.benoit-paris.com\/en\/our-parisian-restaurants\/\"]}]},{\"@type\":\"ImageObject\",\"inLanguage\":\"en-US\",\"@id\":\"https:\/\/www.benoit-paris.com\/en\/our-parisian-restaurants\/#primaryimage\",\"url\":\"https:\/\/www.benoit-paris.com\/wp-content\/uploads\/2022\/07\/adresses-ducasse-paris-1200x300-1.jpg\",\"contentUrl\":\"https:\/\/www.benoit-paris.com\/wp-content\/uploads\/2022\/07\/adresses-ducasse-paris-1200x300-1.jpg\",\"width\":1200,\"height\":300,\"caption\":\"Nos adresses \u00e0 Paris - Maison Ducasse\"},{\"@type\":\"BreadcrumbList\",\"@id\":\"https:\/\/www.benoit-paris.com\/en\/our-parisian-restaurants\/#breadcrumb\",\"itemListElement\":[{\"@type\":\"ListItem\",\"position\":1,\"name\":\"Home\",\"item\":\"https:\/\/www.benoit-paris.com\/en\/\"},{\"@type\":\"ListItem\",\"position\":2,\"name\":\"Maison Ducasse\u2019s other addresses\"}]},{\"@type\":\"WebSite\",\"@id\":\"https:\/\/www.benoit-paris.com\/en\/#website\",\"url\":\"https:\/\/www.benoit-paris.com\/en\/\",\"name\":\"Benoit restaurant\",\"description\":\"Restaurant Fran\u00e7ais Gastronomique \u00e9toil\u00e9 au Michelin\",\"publisher\":{\"@id\":\"https:\/\/www.benoit-paris.com\/en\/#organization\"},\"potentialAction\":[{\"@type\":\"SearchAction\",\"target\":{\"@type\":\"EntryPoint\",\"urlTemplate\":\"https:\/\/www.benoit-paris.com\/en\/?s={search_term_string}\"},\"query-input\":{\"@type\":\"PropertyValueSpecification\",\"valueRequired\":true,\"valueName\":\"search_term_string\"}}],\"inLanguage\":\"en-US\"},{\"@type\":\"Organization\",\"@id\":\"https:\/\/www.benoit-paris.com\/en\/#organization\",\"name\":\"Allard\",\"url\":\"https:\/\/www.benoit-paris.com\/en\/\",\"logo\":{\"@type\":\"ImageObject\",\"inLanguage\":\"en-US\",\"@id\":\"https:\/\/www.benoit-paris.com\/en\/#\/schema\/logo\/image\/\",\"url\":\"https:\/\/golive.benoit-paris.com\/wp-content\/uploads\/2022\/04\/ALLARD_08-09-2021@pmonetta-1028-1-1-1.png\",\"contentUrl\":\"https:\/\/golive.benoit-paris.com\/wp-content\/uploads\/2022\/04\/ALLARD_08-09-2021@pmonetta-1028-1-1-1.png\",\"width\":1026,\"height\":840,\"caption\":\"Allard\"},\"image\":{\"@id\":\"https:\/\/www.benoit-paris.com\/en\/#\/schema\/logo\/image\/\"}}]}<\/script>\n<!-- \/ Yoast SEO plugin. -->","yoast_head_json":{"title":"Alain Ducasse restaurants in Paris - Restaurant Benoit Paris","description":"Discover all the restaurants and bistros in Paris of the multi-starred Chef Alain Ducasse.","robots":{"index":"index","follow":"follow","max-snippet":"max-snippet:-1","max-image-preview":"max-image-preview:large","max-video-preview":"max-video-preview:-1"},"canonical":"https:\/\/www.benoit-paris.com\/en\/our-parisian-restaurants\/","og_locale":"en_US","og_type":"article","og_title":"Alain Ducasse restaurants in Paris - Restaurant Benoit Paris","og_description":"Discover all the restaurants and bistros in Paris of the multi-starred Chef Alain Ducasse.","og_url":"https:\/\/www.benoit-paris.com\/en\/our-parisian-restaurants\/","og_site_name":"Benoit restaurant","article_modified_time":"2022-07-28T16:23:21+00:00","og_image":[{"width":1200,"height":300,"url":"https:\/\/www.benoit-paris.com\/wp-content\/uploads\/2022\/07\/adresses-ducasse-paris-1200x300-1.jpg","type":"image\/jpeg"}],"twitter_card":"summary_large_image","twitter_misc":{"Est. reading time":"1 minute"},"schema":{"@context":"https:\/\/schema.org","@graph":[{"@type":"WebPage","@id":"https:\/\/www.benoit-paris.com\/en\/our-parisian-restaurants\/","url":"https:\/\/www.benoit-paris.com\/en\/our-parisian-restaurants\/","name":"Alain Ducasse restaurants in Paris - Restaurant Benoit Paris","isPartOf":{"@id":"https:\/\/www.benoit-paris.com\/en\/#website"},"primaryImageOfPage":{"@id":"https:\/\/www.benoit-paris.com\/en\/our-parisian-restaurants\/#primaryimage"},"image":{"@id":"https:\/\/www.benoit-paris.com\/en\/our-parisian-restaurants\/#primaryimage"},"thumbnailUrl":"https:\/\/www.benoit-paris.com\/wp-content\/uploads\/2022\/07\/adresses-ducasse-paris-1200x300-1.jpg","datePublished":"2022-04-13T15:58:06+00:00","dateModified":"2022-07-28T16:23:21+00:00","description":"Discover all the restaurants and bistros in Paris of the multi-starred Chef Alain Ducasse.","breadcrumb":{"@id":"https:\/\/www.benoit-paris.com\/en\/our-parisian-restaurants\/#breadcrumb"},"inLanguage":"en-US","potentialAction":[{"@type":"ReadAction","target":["https:\/\/www.benoit-paris.com\/en\/our-parisian-restaurants\/"]}]},{"@type":"ImageObject","inLanguage":"en-US","@id":"https:\/\/www.benoit-paris.com\/en\/our-parisian-restaurants\/#primaryimage","url":"https:\/\/www.benoit-paris.com\/wp-content\/uploads\/2022\/07\/adresses-ducasse-paris-1200x300-1.jpg","contentUrl":"https:\/\/www.benoit-paris.com\/wp-content\/uploads\/2022\/07\/adresses-ducasse-paris-1200x300-1.jpg","width":1200,"height":300,"caption":"Nos adresses \u00e0 Paris - Maison Ducasse"},{"@type":"BreadcrumbList","@id":"https:\/\/www.benoit-paris.com\/en\/our-parisian-restaurants\/#breadcrumb","itemListElement":[{"@type":"ListItem","position":1,"name":"Home","item":"https:\/\/www.benoit-paris.com\/en\/"},{"@type":"ListItem","position":2,"name":"Maison Ducasse\u2019s other addresses"}]},{"@type":"WebSite","@id":"https:\/\/www.benoit-paris.com\/en\/#website","url":"https:\/\/www.benoit-paris.com\/en\/","name":"Benoit restaurant","description":"Restaurant Fran\u00e7ais Gastronomique \u00e9toil\u00e9 au Michelin","publisher":{"@id":"https:\/\/www.benoit-paris.com\/en\/#organization"},"potentialAction":[{"@type":"SearchAction","target":{"@type":"EntryPoint","urlTemplate":"https:\/\/www.benoit-paris.com\/en\/?s={search_term_string}"},"query-input":{"@type":"PropertyValueSpecification","valueRequired":true,"valueName":"search_term_string"}}],"inLanguage":"en-US"},{"@type":"Organization","@id":"https:\/\/www.benoit-paris.com\/en\/#organization","name":"Allard","url":"https:\/\/www.benoit-paris.com\/en\/","logo":{"@type":"ImageObject","inLanguage":"en-US","@id":"https:\/\/www.benoit-paris.com\/en\/#\/schema\/logo\/image\/","url":"https:\/\/golive.benoit-paris.com\/wp-content\/uploads\/2022\/04\/ALLARD_08-09-2021@pmonetta-1028-1-1-1.png","contentUrl":"https:\/\/golive.benoit-paris.com\/wp-content\/uploads\/2022\/04\/ALLARD_08-09-2021@pmonetta-1028-1-1-1.png","width":1026,"height":840,"caption":"Allard"},"image":{"@id":"https:\/\/www.benoit-paris.com\/en\/#\/schema\/logo\/image\/"}}]}},"_links":{"self":[{"href":"https:\/\/www.benoit-paris.com\/en\/wp-json\/wp\/v2\/pages\/524","targetHints":{"allow":["GET"]}}],"collection":[{"href":"https:\/\/www.benoit-paris.com\/en\/wp-json\/wp\/v2\/pages"}],"about":[{"href":"https:\/\/www.benoit-paris.com\/en\/wp-json\/wp\/v2\/types\/page"}],"author":[{"embeddable":true,"href":"https:\/\/www.benoit-paris.com\/en\/wp-json\/wp\/v2\/users\/1"}],"replies":[{"embeddable":true,"href":"https:\/\/www.benoit-paris.com\/en\/wp-json\/wp\/v2\/comments?post=524"}],"version-history":[{"count":4,"href":"https:\/\/www.benoit-paris.com\/en\/wp-json\/wp\/v2\/pages\/524\/revisions"}],"predecessor-version":[{"id":1471,"href":"https:\/\/www.benoit-paris.com\/en\/wp-json\/wp\/v2\/pages\/524\/revisions\/1471"}],"wp:featuredmedia":[{"embeddable":true,"href":"https:\/\/www.benoit-paris.com\/en\/wp-json\/wp\/v2\/media\/1523"}],"wp:attachment":[{"href":"https:\/\/www.benoit-paris.com\/en\/wp-json\/wp\/v2\/media?parent=524"}],"curies":[{"name":"wp","href":"https:\/\/api.w.org\/{rel}","templated":true}]}}