{"id":526,"date":"2022-04-06T15:17:32","date_gmt":"2022-04-06T13:17:32","guid":{"rendered":"http:\/\/demo7.demo-symediane.com\/restaurant\/"},"modified":"2025-04-01T11:44:18","modified_gmt":"2025-04-01T09:44:18","slug":"the-restaurant","status":"publish","type":"page","link":"https:\/\/www.benoit-paris.com\/en\/the-restaurant\/","title":{"rendered":"A place, a history"},"content":{"rendered":"","protected":false},"excerpt":{"rendered":"","protected":false},"author":1,"featured_media":1116,"parent":0,"menu_order":0,"comment_status":"closed","ping_status":"closed","template":"page-templates\/restaurant.php","meta":{"_acf_changed":false,"footnotes":""},"class_list":["post-526","page","type-page","status-publish","has-post-thumbnail","hentry"],"acf":[],"yoast_head":"<!-- This site is optimized with the Yoast SEO plugin v26.9 - https:\/\/yoast.com\/product\/yoast-seo-wordpress\/ -->\n<title>The history of Benoit Paris, the true parisian bistro - Paris 4<\/title>\n<meta name=\"description\" content=\"Special address for French cuisine lovers, the restaurant Benoit is one of the last true Parisian bistros, in the heart of the Marais and close to the Hotel de Ville.\" \/>\n<meta name=\"robots\" content=\"index, follow, max-snippet:-1, max-image-preview:large, max-video-preview:-1\" \/>\n<link rel=\"canonical\" href=\"https:\/\/www.benoit-paris.com\/en\/the-restaurant\/\" \/>\n<meta property=\"og:locale\" content=\"en_US\" \/>\n<meta property=\"og:type\" content=\"article\" \/>\n<meta property=\"og:title\" content=\"The history of Benoit Paris, the true parisian bistro - Paris 4\" \/>\n<meta property=\"og:description\" content=\"Special address for French cuisine lovers, the restaurant Benoit is one of the last true Parisian bistros, in the heart of the Marais and close to the Hotel de Ville.\" \/>\n<meta property=\"og:url\" content=\"https:\/\/www.benoit-paris.com\/en\/the-restaurant\/\" \/>\n<meta property=\"og:site_name\" content=\"Benoit restaurant\" \/>\n<meta property=\"article:modified_time\" content=\"2025-04-01T09:44:18+00:00\" \/>\n<meta property=\"og:image\" content=\"https:\/\/www.benoit-paris.com\/wp-content\/uploads\/2022\/07\/ALLARD_08-09-2021@pmonetta-1042-1-1-1-scaled.jpg\" \/>\n\t<meta property=\"og:image:width\" content=\"2560\" \/>\n\t<meta property=\"og:image:height\" content=\"644\" \/>\n\t<meta property=\"og:image:type\" content=\"image\/jpeg\" \/>\n<meta name=\"twitter:card\" content=\"summary_large_image\" \/>\n<meta name=\"twitter:label1\" content=\"Est. reading time\" \/>\n\t<meta name=\"twitter:data1\" content=\"5 minutes\" \/>\n<script type=\"application\/ld+json\" class=\"yoast-schema-graph\">{\"@context\":\"https:\/\/schema.org\",\"@graph\":[{\"@type\":\"WebPage\",\"@id\":\"https:\/\/www.benoit-paris.com\/en\/the-restaurant\/\",\"url\":\"https:\/\/www.benoit-paris.com\/en\/the-restaurant\/\",\"name\":\"The history of Benoit Paris, the true parisian bistro - Paris 4\",\"isPartOf\":{\"@id\":\"https:\/\/www.benoit-paris.com\/en\/#website\"},\"primaryImageOfPage\":{\"@id\":\"https:\/\/www.benoit-paris.com\/en\/the-restaurant\/#primaryimage\"},\"image\":{\"@id\":\"https:\/\/www.benoit-paris.com\/en\/the-restaurant\/#primaryimage\"},\"thumbnailUrl\":\"https:\/\/www.benoit-paris.com\/wp-content\/uploads\/2022\/07\/ALLARD_08-09-2021@pmonetta-1042-1-1-1-scaled.jpg\",\"datePublished\":\"2022-04-06T13:17:32+00:00\",\"dateModified\":\"2025-04-01T09:44:18+00:00\",\"description\":\"Special address for French cuisine lovers, the restaurant Benoit is one of the last true Parisian bistros, in the heart of the Marais and close to the Hotel de Ville.\",\"breadcrumb\":{\"@id\":\"https:\/\/www.benoit-paris.com\/en\/the-restaurant\/#breadcrumb\"},\"inLanguage\":\"en-US\",\"potentialAction\":[{\"@type\":\"ReadAction\",\"target\":[\"https:\/\/www.benoit-paris.com\/en\/the-restaurant\/\"]}]},{\"@type\":\"ImageObject\",\"inLanguage\":\"en-US\",\"@id\":\"https:\/\/www.benoit-paris.com\/en\/the-restaurant\/#primaryimage\",\"url\":\"https:\/\/www.benoit-paris.com\/wp-content\/uploads\/2022\/07\/ALLARD_08-09-2021@pmonetta-1042-1-1-1-scaled.jpg\",\"contentUrl\":\"https:\/\/www.benoit-paris.com\/wp-content\/uploads\/2022\/07\/ALLARD_08-09-2021@pmonetta-1042-1-1-1-scaled.jpg\",\"width\":2560,\"height\":644},{\"@type\":\"BreadcrumbList\",\"@id\":\"https:\/\/www.benoit-paris.com\/en\/the-restaurant\/#breadcrumb\",\"itemListElement\":[{\"@type\":\"ListItem\",\"position\":1,\"name\":\"Home\",\"item\":\"https:\/\/www.benoit-paris.com\/en\/\"},{\"@type\":\"ListItem\",\"position\":2,\"name\":\"A place, a history\"}]},{\"@type\":\"WebSite\",\"@id\":\"https:\/\/www.benoit-paris.com\/en\/#website\",\"url\":\"https:\/\/www.benoit-paris.com\/en\/\",\"name\":\"Benoit restaurant\",\"description\":\"Restaurant Fran\u00e7ais Gastronomique \u00e9toil\u00e9 au Michelin\",\"publisher\":{\"@id\":\"https:\/\/www.benoit-paris.com\/en\/#organization\"},\"potentialAction\":[{\"@type\":\"SearchAction\",\"target\":{\"@type\":\"EntryPoint\",\"urlTemplate\":\"https:\/\/www.benoit-paris.com\/en\/?s={search_term_string}\"},\"query-input\":{\"@type\":\"PropertyValueSpecification\",\"valueRequired\":true,\"valueName\":\"search_term_string\"}}],\"inLanguage\":\"en-US\"},{\"@type\":\"Organization\",\"@id\":\"https:\/\/www.benoit-paris.com\/en\/#organization\",\"name\":\"Allard\",\"url\":\"https:\/\/www.benoit-paris.com\/en\/\",\"logo\":{\"@type\":\"ImageObject\",\"inLanguage\":\"en-US\",\"@id\":\"https:\/\/www.benoit-paris.com\/en\/#\/schema\/logo\/image\/\",\"url\":\"https:\/\/golive.benoit-paris.com\/wp-content\/uploads\/2022\/04\/ALLARD_08-09-2021@pmonetta-1028-1-1-1.png\",\"contentUrl\":\"https:\/\/golive.benoit-paris.com\/wp-content\/uploads\/2022\/04\/ALLARD_08-09-2021@pmonetta-1028-1-1-1.png\",\"width\":1026,\"height\":840,\"caption\":\"Allard\"},\"image\":{\"@id\":\"https:\/\/www.benoit-paris.com\/en\/#\/schema\/logo\/image\/\"}}]}<\/script>\n<!-- \/ Yoast SEO plugin. -->","yoast_head_json":{"title":"The history of Benoit Paris, the true parisian bistro - Paris 4","description":"Special address for French cuisine lovers, the restaurant Benoit is one of the last true Parisian bistros, in the heart of the Marais and close to the Hotel de Ville.","robots":{"index":"index","follow":"follow","max-snippet":"max-snippet:-1","max-image-preview":"max-image-preview:large","max-video-preview":"max-video-preview:-1"},"canonical":"https:\/\/www.benoit-paris.com\/en\/the-restaurant\/","og_locale":"en_US","og_type":"article","og_title":"The history of Benoit Paris, the true parisian bistro - Paris 4","og_description":"Special address for French cuisine lovers, the restaurant Benoit is one of the last true Parisian bistros, in the heart of the Marais and close to the Hotel de Ville.","og_url":"https:\/\/www.benoit-paris.com\/en\/the-restaurant\/","og_site_name":"Benoit restaurant","article_modified_time":"2025-04-01T09:44:18+00:00","og_image":[{"width":2560,"height":644,"url":"https:\/\/www.benoit-paris.com\/wp-content\/uploads\/2022\/07\/ALLARD_08-09-2021@pmonetta-1042-1-1-1-scaled.jpg","type":"image\/jpeg"}],"twitter_card":"summary_large_image","twitter_misc":{"Est. reading time":"5 minutes"},"schema":{"@context":"https:\/\/schema.org","@graph":[{"@type":"WebPage","@id":"https:\/\/www.benoit-paris.com\/en\/the-restaurant\/","url":"https:\/\/www.benoit-paris.com\/en\/the-restaurant\/","name":"The history of Benoit Paris, the true parisian bistro - Paris 4","isPartOf":{"@id":"https:\/\/www.benoit-paris.com\/en\/#website"},"primaryImageOfPage":{"@id":"https:\/\/www.benoit-paris.com\/en\/the-restaurant\/#primaryimage"},"image":{"@id":"https:\/\/www.benoit-paris.com\/en\/the-restaurant\/#primaryimage"},"thumbnailUrl":"https:\/\/www.benoit-paris.com\/wp-content\/uploads\/2022\/07\/ALLARD_08-09-2021@pmonetta-1042-1-1-1-scaled.jpg","datePublished":"2022-04-06T13:17:32+00:00","dateModified":"2025-04-01T09:44:18+00:00","description":"Special address for French cuisine lovers, the restaurant Benoit is one of the last true Parisian bistros, in the heart of the Marais and close to the Hotel de Ville.","breadcrumb":{"@id":"https:\/\/www.benoit-paris.com\/en\/the-restaurant\/#breadcrumb"},"inLanguage":"en-US","potentialAction":[{"@type":"ReadAction","target":["https:\/\/www.benoit-paris.com\/en\/the-restaurant\/"]}]},{"@type":"ImageObject","inLanguage":"en-US","@id":"https:\/\/www.benoit-paris.com\/en\/the-restaurant\/#primaryimage","url":"https:\/\/www.benoit-paris.com\/wp-content\/uploads\/2022\/07\/ALLARD_08-09-2021@pmonetta-1042-1-1-1-scaled.jpg","contentUrl":"https:\/\/www.benoit-paris.com\/wp-content\/uploads\/2022\/07\/ALLARD_08-09-2021@pmonetta-1042-1-1-1-scaled.jpg","width":2560,"height":644},{"@type":"BreadcrumbList","@id":"https:\/\/www.benoit-paris.com\/en\/the-restaurant\/#breadcrumb","itemListElement":[{"@type":"ListItem","position":1,"name":"Home","item":"https:\/\/www.benoit-paris.com\/en\/"},{"@type":"ListItem","position":2,"name":"A place, a history"}]},{"@type":"WebSite","@id":"https:\/\/www.benoit-paris.com\/en\/#website","url":"https:\/\/www.benoit-paris.com\/en\/","name":"Benoit restaurant","description":"Restaurant Fran\u00e7ais Gastronomique \u00e9toil\u00e9 au Michelin","publisher":{"@id":"https:\/\/www.benoit-paris.com\/en\/#organization"},"potentialAction":[{"@type":"SearchAction","target":{"@type":"EntryPoint","urlTemplate":"https:\/\/www.benoit-paris.com\/en\/?s={search_term_string}"},"query-input":{"@type":"PropertyValueSpecification","valueRequired":true,"valueName":"search_term_string"}}],"inLanguage":"en-US"},{"@type":"Organization","@id":"https:\/\/www.benoit-paris.com\/en\/#organization","name":"Allard","url":"https:\/\/www.benoit-paris.com\/en\/","logo":{"@type":"ImageObject","inLanguage":"en-US","@id":"https:\/\/www.benoit-paris.com\/en\/#\/schema\/logo\/image\/","url":"https:\/\/golive.benoit-paris.com\/wp-content\/uploads\/2022\/04\/ALLARD_08-09-2021@pmonetta-1028-1-1-1.png","contentUrl":"https:\/\/golive.benoit-paris.com\/wp-content\/uploads\/2022\/04\/ALLARD_08-09-2021@pmonetta-1028-1-1-1.png","width":1026,"height":840,"caption":"Allard"},"image":{"@id":"https:\/\/www.benoit-paris.com\/en\/#\/schema\/logo\/image\/"}}]}},"_links":{"self":[{"href":"https:\/\/www.benoit-paris.com\/en\/wp-json\/wp\/v2\/pages\/526","targetHints":{"allow":["GET"]}}],"collection":[{"href":"https:\/\/www.benoit-paris.com\/en\/wp-json\/wp\/v2\/pages"}],"about":[{"href":"https:\/\/www.benoit-paris.com\/en\/wp-json\/wp\/v2\/types\/page"}],"author":[{"embeddable":true,"href":"https:\/\/www.benoit-paris.com\/en\/wp-json\/wp\/v2\/users\/1"}],"replies":[{"embeddable":true,"href":"https:\/\/www.benoit-paris.com\/en\/wp-json\/wp\/v2\/comments?post=526"}],"version-history":[{"count":53,"href":"https:\/\/www.benoit-paris.com\/en\/wp-json\/wp\/v2\/pages\/526\/revisions"}],"predecessor-version":[{"id":11077,"href":"https:\/\/www.benoit-paris.com\/en\/wp-json\/wp\/v2\/pages\/526\/revisions\/11077"}],"wp:featuredmedia":[{"embeddable":true,"href":"https:\/\/www.benoit-paris.com\/en\/wp-json\/wp\/v2\/media\/1116"}],"wp:attachment":[{"href":"https:\/\/www.benoit-paris.com\/en\/wp-json\/wp\/v2\/media?parent=526"}],"curies":[{"name":"wp","href":"https:\/\/api.w.org\/{rel}","templated":true}]}}