{"id":717,"date":"2022-04-06T15:18:53","date_gmt":"2022-04-06T13:18:53","guid":{"rendered":"https:\/\/golive.benoit-paris.com\/mentions-legales\/"},"modified":"2023-01-02T14:39:39","modified_gmt":"2023-01-02T13:39:39","slug":"legal-terms","status":"publish","type":"page","link":"https:\/\/www.benoit-paris.com\/en\/legal-terms\/","title":{"rendered":"Legal terms"},"content":{"rendered":"<h2>Publisher<\/h2>\n<p>DUCASSE Paris &#8211; De Gustibus<br \/>\nImmeuble Bords de Seine 1 &#8211; 3 Esplanade du Foncet<br \/>\n92 441 Issy-Les-Moulineaux FRANCE<\/p>\n<h2>Publishing Direction<\/h2>\n<p>Marketing\/Communication department of DUCASSE Paris<\/p>\n<h2>Web host<\/h2>\n<p>OVH<\/p>\n<h2>Intellectual Property<\/h2>\n<p>This site is covered by French legislation on copyright and intellectual property. All rights of reproduction are reserved, including for downloadable documents and iconographic representations and photographs. Reproduction of all or part of this site in any electronic format is strictly prohibited without the express authorization of DUCASSE Paris. Reproduction of this site&#8217;s texts in hardcopy is authorized, especially for educationnal purposes, subject to compliance with the following three conditions :<br \/>\n&gt; free distribution,<br \/>\n&gt; respect for the integrity of the documents reproduced : no modification or alteration of any sort,<br \/>\n&gt; clear and legible citation of the source as follows :<\/p>\n<h2>Exclusion of technical liability<\/h2>\n<p>Benoit declines any liability in the event of difficulty in accessing its site or interruption of the connection, regardless of the causes. Neither will it be held liable for any damage or virus that may infect your computer or any computer harware following use of or access to the site or downloading from the site.<\/p>\n<h2>Exclusion of liability for content of referenced sites<\/h2>\n<p>The hypertext links used in the present Internet site to other resources on the Internet are offered purely for convenience and neither their content or the links they contain, nor changes or updates made to them, engage the liability of\u00a0<a title=\"Discover the restaurant Benoit\" href=\"http:\/\/www.benoit-paris.com\/\" target=\"_blank\" rel=\"noopener\">www.benoit-paris.com<\/a><\/p>\n<h2>Information Technology and Freedom Act<\/h2>\n<p>In application of the Information Technology and Freedom Act of 6 January 1978, you may access information pertaining to you, ask that it be corrected or to be eliminated from our database by sending us an email message. If you do not wish to receive commercial information that may interest you, please inform us this by email (\u00a0<a title=\"Contactez-nous\" href=\"mailto:restaurant.rech@alain-ducasse.com\" target=\"_blank\" rel=\"noopener\">restaurant.benoit@wanadoo.fr\u00a0<\/a>)<\/p>\n<h2>Credits<\/h2>\n<p>Website design and development: Symediane<br \/>\n<a href=\"https:\/\/www.symediane.com\/\" target=\"_blank\" rel=\"noopener\">www.symediane.com<\/a><br \/>\nLogo and graphic identity: Pierre Tachon, Soins Graphiques<br \/>\nPhoto credits : Pierre Monetta<br \/>\n<a href=\"https:\/\/www.pierremonetta.com\" target=\"_blank\" rel=\"noopener\">www.pierremonetta.com<\/a><br \/>\nIlyafoodstories<\/p>\n","protected":false},"excerpt":{"rendered":"<p>Publisher DUCASSE Paris &#8211; De Gustibus Immeuble Bords de Seine 1 &#8211; 3 Esplanade du Foncet 92 441 Issy-Les-Moulineaux FRANCE Publishing Direction Marketing\/Communication department of DUCASSE Paris Web host OVH Intellectual Property This site is covered by French legislation on copyright and intellectual property. All rights of reproduction are reserved, including for downloadable documents and [&hellip;]<\/p>\n","protected":false},"author":1,"featured_media":0,"parent":0,"menu_order":0,"comment_status":"closed","ping_status":"closed","template":"page-templates\/cms.php","meta":{"_acf_changed":false,"footnotes":""},"class_list":["post-717","page","type-page","status-publish","hentry"],"acf":[],"yoast_head":"<!-- This site is optimized with the Yoast SEO plugin v26.9 - https:\/\/yoast.com\/product\/yoast-seo-wordpress\/ -->\n<title>Legal terms - Benoit restaurant<\/title>\n<meta name=\"description\" content=\"Find the legal terms of the restaurant Benoit Paris by Alain Ducasse.\" \/>\n<meta name=\"robots\" content=\"index, follow, max-snippet:-1, max-image-preview:large, max-video-preview:-1\" \/>\n<link rel=\"canonical\" href=\"https:\/\/www.benoit-paris.com\/en\/legal-terms\/\" \/>\n<meta property=\"og:locale\" content=\"en_US\" \/>\n<meta property=\"og:type\" content=\"article\" \/>\n<meta property=\"og:title\" content=\"Legal terms - Benoit restaurant\" \/>\n<meta property=\"og:description\" content=\"Find the legal terms of the restaurant Benoit Paris by Alain Ducasse.\" \/>\n<meta property=\"og:url\" content=\"https:\/\/www.benoit-paris.com\/en\/legal-terms\/\" \/>\n<meta property=\"og:site_name\" content=\"Benoit restaurant\" \/>\n<meta property=\"article:modified_time\" content=\"2023-01-02T13:39:39+00:00\" \/>\n<meta name=\"twitter:card\" content=\"summary_large_image\" \/>\n<meta name=\"twitter:label1\" content=\"Est. reading time\" \/>\n\t<meta name=\"twitter:data1\" content=\"2 minutes\" \/>\n<script type=\"application\/ld+json\" class=\"yoast-schema-graph\">{\"@context\":\"https:\/\/schema.org\",\"@graph\":[{\"@type\":\"WebPage\",\"@id\":\"https:\/\/www.benoit-paris.com\/en\/legal-terms\/\",\"url\":\"https:\/\/www.benoit-paris.com\/en\/legal-terms\/\",\"name\":\"Legal terms - Benoit restaurant\",\"isPartOf\":{\"@id\":\"https:\/\/www.benoit-paris.com\/en\/#website\"},\"datePublished\":\"2022-04-06T13:18:53+00:00\",\"dateModified\":\"2023-01-02T13:39:39+00:00\",\"description\":\"Find the legal terms of the restaurant Benoit Paris by Alain Ducasse.\",\"breadcrumb\":{\"@id\":\"https:\/\/www.benoit-paris.com\/en\/legal-terms\/#breadcrumb\"},\"inLanguage\":\"en-US\",\"potentialAction\":[{\"@type\":\"ReadAction\",\"target\":[\"https:\/\/www.benoit-paris.com\/en\/legal-terms\/\"]}]},{\"@type\":\"BreadcrumbList\",\"@id\":\"https:\/\/www.benoit-paris.com\/en\/legal-terms\/#breadcrumb\",\"itemListElement\":[{\"@type\":\"ListItem\",\"position\":1,\"name\":\"Home\",\"item\":\"https:\/\/www.benoit-paris.com\/en\/\"},{\"@type\":\"ListItem\",\"position\":2,\"name\":\"Legal terms\"}]},{\"@type\":\"WebSite\",\"@id\":\"https:\/\/www.benoit-paris.com\/en\/#website\",\"url\":\"https:\/\/www.benoit-paris.com\/en\/\",\"name\":\"Benoit restaurant\",\"description\":\"Restaurant Fran\u00e7ais Gastronomique \u00e9toil\u00e9 au Michelin\",\"publisher\":{\"@id\":\"https:\/\/www.benoit-paris.com\/en\/#organization\"},\"potentialAction\":[{\"@type\":\"SearchAction\",\"target\":{\"@type\":\"EntryPoint\",\"urlTemplate\":\"https:\/\/www.benoit-paris.com\/en\/?s={search_term_string}\"},\"query-input\":{\"@type\":\"PropertyValueSpecification\",\"valueRequired\":true,\"valueName\":\"search_term_string\"}}],\"inLanguage\":\"en-US\"},{\"@type\":\"Organization\",\"@id\":\"https:\/\/www.benoit-paris.com\/en\/#organization\",\"name\":\"Allard\",\"url\":\"https:\/\/www.benoit-paris.com\/en\/\",\"logo\":{\"@type\":\"ImageObject\",\"inLanguage\":\"en-US\",\"@id\":\"https:\/\/www.benoit-paris.com\/en\/#\/schema\/logo\/image\/\",\"url\":\"https:\/\/golive.benoit-paris.com\/wp-content\/uploads\/2022\/04\/ALLARD_08-09-2021@pmonetta-1028-1-1-1.png\",\"contentUrl\":\"https:\/\/golive.benoit-paris.com\/wp-content\/uploads\/2022\/04\/ALLARD_08-09-2021@pmonetta-1028-1-1-1.png\",\"width\":1026,\"height\":840,\"caption\":\"Allard\"},\"image\":{\"@id\":\"https:\/\/www.benoit-paris.com\/en\/#\/schema\/logo\/image\/\"}}]}<\/script>\n<!-- \/ Yoast SEO plugin. -->","yoast_head_json":{"title":"Legal terms - Benoit restaurant","description":"Find the legal terms of the restaurant Benoit Paris by Alain Ducasse.","robots":{"index":"index","follow":"follow","max-snippet":"max-snippet:-1","max-image-preview":"max-image-preview:large","max-video-preview":"max-video-preview:-1"},"canonical":"https:\/\/www.benoit-paris.com\/en\/legal-terms\/","og_locale":"en_US","og_type":"article","og_title":"Legal terms - Benoit restaurant","og_description":"Find the legal terms of the restaurant Benoit Paris by Alain Ducasse.","og_url":"https:\/\/www.benoit-paris.com\/en\/legal-terms\/","og_site_name":"Benoit restaurant","article_modified_time":"2023-01-02T13:39:39+00:00","twitter_card":"summary_large_image","twitter_misc":{"Est. reading time":"2 minutes"},"schema":{"@context":"https:\/\/schema.org","@graph":[{"@type":"WebPage","@id":"https:\/\/www.benoit-paris.com\/en\/legal-terms\/","url":"https:\/\/www.benoit-paris.com\/en\/legal-terms\/","name":"Legal terms - Benoit restaurant","isPartOf":{"@id":"https:\/\/www.benoit-paris.com\/en\/#website"},"datePublished":"2022-04-06T13:18:53+00:00","dateModified":"2023-01-02T13:39:39+00:00","description":"Find the legal terms of the restaurant Benoit Paris by Alain Ducasse.","breadcrumb":{"@id":"https:\/\/www.benoit-paris.com\/en\/legal-terms\/#breadcrumb"},"inLanguage":"en-US","potentialAction":[{"@type":"ReadAction","target":["https:\/\/www.benoit-paris.com\/en\/legal-terms\/"]}]},{"@type":"BreadcrumbList","@id":"https:\/\/www.benoit-paris.com\/en\/legal-terms\/#breadcrumb","itemListElement":[{"@type":"ListItem","position":1,"name":"Home","item":"https:\/\/www.benoit-paris.com\/en\/"},{"@type":"ListItem","position":2,"name":"Legal terms"}]},{"@type":"WebSite","@id":"https:\/\/www.benoit-paris.com\/en\/#website","url":"https:\/\/www.benoit-paris.com\/en\/","name":"Benoit restaurant","description":"Restaurant Fran\u00e7ais Gastronomique \u00e9toil\u00e9 au Michelin","publisher":{"@id":"https:\/\/www.benoit-paris.com\/en\/#organization"},"potentialAction":[{"@type":"SearchAction","target":{"@type":"EntryPoint","urlTemplate":"https:\/\/www.benoit-paris.com\/en\/?s={search_term_string}"},"query-input":{"@type":"PropertyValueSpecification","valueRequired":true,"valueName":"search_term_string"}}],"inLanguage":"en-US"},{"@type":"Organization","@id":"https:\/\/www.benoit-paris.com\/en\/#organization","name":"Allard","url":"https:\/\/www.benoit-paris.com\/en\/","logo":{"@type":"ImageObject","inLanguage":"en-US","@id":"https:\/\/www.benoit-paris.com\/en\/#\/schema\/logo\/image\/","url":"https:\/\/golive.benoit-paris.com\/wp-content\/uploads\/2022\/04\/ALLARD_08-09-2021@pmonetta-1028-1-1-1.png","contentUrl":"https:\/\/golive.benoit-paris.com\/wp-content\/uploads\/2022\/04\/ALLARD_08-09-2021@pmonetta-1028-1-1-1.png","width":1026,"height":840,"caption":"Allard"},"image":{"@id":"https:\/\/www.benoit-paris.com\/en\/#\/schema\/logo\/image\/"}}]}},"_links":{"self":[{"href":"https:\/\/www.benoit-paris.com\/en\/wp-json\/wp\/v2\/pages\/717","targetHints":{"allow":["GET"]}}],"collection":[{"href":"https:\/\/www.benoit-paris.com\/en\/wp-json\/wp\/v2\/pages"}],"about":[{"href":"https:\/\/www.benoit-paris.com\/en\/wp-json\/wp\/v2\/types\/page"}],"author":[{"embeddable":true,"href":"https:\/\/www.benoit-paris.com\/en\/wp-json\/wp\/v2\/users\/1"}],"replies":[{"embeddable":true,"href":"https:\/\/www.benoit-paris.com\/en\/wp-json\/wp\/v2\/comments?post=717"}],"version-history":[{"count":11,"href":"https:\/\/www.benoit-paris.com\/en\/wp-json\/wp\/v2\/pages\/717\/revisions"}],"predecessor-version":[{"id":1844,"href":"https:\/\/www.benoit-paris.com\/en\/wp-json\/wp\/v2\/pages\/717\/revisions\/1844"}],"wp:attachment":[{"href":"https:\/\/www.benoit-paris.com\/en\/wp-json\/wp\/v2\/media?parent=717"}],"curies":[{"name":"wp","href":"https:\/\/api.w.org\/{rel}","templated":true}]}}